{"id":452,"date":"2025-10-25T20:02:55","date_gmt":"2025-10-25T20:02:55","guid":{"rendered":"https:\/\/crimede-coder.com\/cdcstore\/?post_type=product&#038;p=452"},"modified":"2025-10-25T22:02:52","modified_gmt":"2025-10-25T22:02:52","slug":"ciencia-de-datos-para-el-analisis-delictivo-con-python-ebook","status":"publish","type":"product","link":"https:\/\/crimede-coder.com\/cdcstore\/product\/ciencia-de-datos-para-el-analisis-delictivo-con-python-ebook\/","title":{"rendered":"Ciencia de Datos para el An\u00e1lisis Delictivo con Python (e-book)"},"content":{"rendered":"<p>Este libro est\u00e1 dirigido a analistas de delitos que desean iniciarse en la programaci\u00f3n en Python, con el objetivo de automatizar tareas y realizar an\u00e1lisis de datos en Python. Abarca los objetos b\u00e1sicos de Python y el trabajo con datos. Esto incluye la consulta de bases de datos SQL, la manipulaci\u00f3n de datos tabulares en Pandas y la creaci\u00f3n de gr\u00e1ficos en Matplotlib. Tambi\u00e9n incluye una descripci\u00f3n sobre la configuraci\u00f3n de entornos de Python y la creaci\u00f3n de un proyecto integral de automatizaci\u00f3n de informes mediante Jupyter Notebooks.<\/p>\n","protected":false},"excerpt":{"rendered":"<p>Este libro est\u00e1 dirigido a analistas de delitos que desean iniciarse en la programaci\u00f3n en Python, con el objetivo de automatizar tareas y realizar an\u00e1lisis de datos en Python. Abarca los objetos b\u00e1sicos de Python y el trabajo con datos. Esto incluye la consulta de bases de datos SQL, la manipulaci\u00f3n de datos tabulares en Pandas y la creaci\u00f3n de gr\u00e1ficos en Matplotlib. Tambi\u00e9n incluye una descripci\u00f3n sobre la configuraci\u00f3n de entornos de Python y la creaci\u00f3n de un proyecto integral de automatizaci\u00f3n de informes mediante Jupyter Notebooks.<\/p>\n","protected":false},"featured_media":451,"comment_status":"open","ping_status":"closed","template":"","meta":[],"product_brand":[],"product_cat":[17],"product_tag":[],"class_list":{"0":"post-452","1":"product","2":"type-product","3":"status-publish","4":"has-post-thumbnail","6":"product_cat-books","8":"first","9":"instock","10":"downloadable","11":"virtual","12":"taxable","13":"purchasable","14":"product-type-simple"},"_links":{"self":[{"href":"https:\/\/crimede-coder.com\/cdcstore\/wp-json\/wp\/v2\/product\/452","targetHints":{"allow":["GET"]}}],"collection":[{"href":"https:\/\/crimede-coder.com\/cdcstore\/wp-json\/wp\/v2\/product"}],"about":[{"href":"https:\/\/crimede-coder.com\/cdcstore\/wp-json\/wp\/v2\/types\/product"}],"replies":[{"embeddable":true,"href":"https:\/\/crimede-coder.com\/cdcstore\/wp-json\/wp\/v2\/comments?post=452"}],"wp:featuredmedia":[{"embeddable":true,"href":"https:\/\/crimede-coder.com\/cdcstore\/wp-json\/wp\/v2\/media\/451"}],"wp:attachment":[{"href":"https:\/\/crimede-coder.com\/cdcstore\/wp-json\/wp\/v2\/media?parent=452"}],"wp:term":[{"taxonomy":"product_brand","embeddable":true,"href":"https:\/\/crimede-coder.com\/cdcstore\/wp-json\/wp\/v2\/product_brand?post=452"},{"taxonomy":"product_cat","embeddable":true,"href":"https:\/\/crimede-coder.com\/cdcstore\/wp-json\/wp\/v2\/product_cat?post=452"},{"taxonomy":"product_tag","embeddable":true,"href":"https:\/\/crimede-coder.com\/cdcstore\/wp-json\/wp\/v2\/product_tag?post=452"}],"curies":[{"name":"wp","href":"https:\/\/api.w.org\/{rel}","templated":true}]}}