{"id":454,"date":"2025-10-25T20:47:32","date_gmt":"2025-10-25T20:47:32","guid":{"rendered":"https:\/\/crimede-coder.com\/cdcstore\/product\/science-des-donnees-pour-lanalyse-criminelle-avec-python\/"},"modified":"2025-10-25T20:55:30","modified_gmt":"2025-10-25T20:55:30","slug":"science-des-donnees-pour-lanalyse-criminelle-avec-python","status":"publish","type":"product","link":"https:\/\/crimede-coder.com\/cdcstore\/product\/science-des-donnees-pour-lanalyse-criminelle-avec-python\/","title":{"rendered":"Science des donn\u00e9es pour l&#8217;analyse criminelle avec Python (paperback)"},"content":{"rendered":"<p>Ce livre s&#8217;adresse aux analystes criminels souhaitant d\u00e9buter en programmation Python afin d&#8217;automatiser leurs t\u00e2ches et d&#8217;analyser leurs donn\u00e9es. Il aborde les objets Python de base et l&#8217;utilisation des donn\u00e9es. Cela inclut l&#8217;interrogation de bases de donn\u00e9es SQL, la manipulation de donn\u00e9es tabulaires dans Pandas et la cr\u00e9ation de graphiques dans Matplotlib. Il d\u00e9crit \u00e9galement la configuration d&#8217;environnements Python et la cr\u00e9ation d&#8217;un projet complet d&#8217;automatisation de rapports \u00e0 l&#8217;aide de notebooks Jupyter.<\/p>\n","protected":false},"excerpt":{"rendered":"<p>Ce livre s&#8217;adresse aux analystes criminels souhaitant d\u00e9buter en programmation Python afin d&#8217;automatiser leurs t\u00e2ches et d&#8217;analyser leurs donn\u00e9es. Il aborde les objets Python de base et l&#8217;utilisation des donn\u00e9es. Cela inclut l&#8217;interrogation de bases de donn\u00e9es SQL, la manipulation de donn\u00e9es tabulaires dans Pandas et la cr\u00e9ation de graphiques dans Matplotlib. Il d\u00e9crit \u00e9galement la configuration d&#8217;environnements Python et la cr\u00e9ation d&#8217;un projet complet d&#8217;automatisation de rapports \u00e0 l&#8217;aide de notebooks Jupyter.<\/p>\n","protected":false},"featured_media":456,"comment_status":"open","ping_status":"closed","template":"","meta":[],"product_brand":[],"product_cat":[17],"product_tag":[],"class_list":{"0":"post-454","1":"product","2":"type-product","3":"status-publish","4":"has-post-thumbnail","6":"product_cat-books","8":"first","9":"instock","10":"taxable","11":"shipping-taxable","12":"purchasable","13":"product-type-simple"},"_links":{"self":[{"href":"https:\/\/crimede-coder.com\/cdcstore\/wp-json\/wp\/v2\/product\/454","targetHints":{"allow":["GET"]}}],"collection":[{"href":"https:\/\/crimede-coder.com\/cdcstore\/wp-json\/wp\/v2\/product"}],"about":[{"href":"https:\/\/crimede-coder.com\/cdcstore\/wp-json\/wp\/v2\/types\/product"}],"replies":[{"embeddable":true,"href":"https:\/\/crimede-coder.com\/cdcstore\/wp-json\/wp\/v2\/comments?post=454"}],"wp:featuredmedia":[{"embeddable":true,"href":"https:\/\/crimede-coder.com\/cdcstore\/wp-json\/wp\/v2\/media\/456"}],"wp:attachment":[{"href":"https:\/\/crimede-coder.com\/cdcstore\/wp-json\/wp\/v2\/media?parent=454"}],"wp:term":[{"taxonomy":"product_brand","embeddable":true,"href":"https:\/\/crimede-coder.com\/cdcstore\/wp-json\/wp\/v2\/product_brand?post=454"},{"taxonomy":"product_cat","embeddable":true,"href":"https:\/\/crimede-coder.com\/cdcstore\/wp-json\/wp\/v2\/product_cat?post=454"},{"taxonomy":"product_tag","embeddable":true,"href":"https:\/\/crimede-coder.com\/cdcstore\/wp-json\/wp\/v2\/product_tag?post=454"}],"curies":[{"name":"wp","href":"https:\/\/api.w.org\/{rel}","templated":true}]}}